{"id":84,"date":"2023-08-26T21:23:12","date_gmt":"2023-08-26T19:23:12","guid":{"rendered":"https:\/\/mahatxak.fr\/?page_id=84"},"modified":"2026-01-11T20:05:53","modified_gmt":"2026-01-11T19:05:53","slug":"tarifs","status":"publish","type":"page","link":"https:\/\/mahatxak.fr\/index.php\/tarifs\/","title":{"rendered":"Disponibilit\u00e9s et Tarifs"},"content":{"rendered":"\n<p><\/p>\n\n\n\n<p><strong>Disponibilit\u00e9s<\/strong> :<\/p>\n\n\n<div class='wpbc_only_calendar wpbc_container'><div id='calendar_booking_unselectable1'><\/div><span ><div style=\"clear:both;height:10px;\"><\/div><div class=\"wpbc_calendar_wraper wpbc_change_over_triangle wpbc_calendar_skin_legacy\"><div class=\"wpbc_cal_container bk_calendar_frame wpbc_no_custom_width  months_num_in_row_ cal_month_num_2\" style=\"\"><div id=\"calendar_booking1\"  class=\"wpbc_calendar_id_1\" >\t<div class=\"calendar_loader_frame calendar_loader_frame1\"\r\n\t\tdata-wpbc-rid=\"1\"\r\n\t\tdata-wpbc-grace=\"8000\"\r\n\t\tstyle=\"--wpbc-loader-cols: 2;\"\r\n\t>\r\n\t\t<div class=\"calendar_loader_text\">Loading...<\/div>\r\n\t\t<div class=\"calendar_loader_frame__progress_line_container\">\r\n\t\t\t<div class=\"calendar_loader_frame__progress_line\"><\/div>\r\n\t\t<\/div>\r\n\t<\/div>\r\n\t<\/div><\/div><div style=\"font-size:7px;text-align:left;margin:0 0 10px;text-shadow: none;\">Powered by <a href=\"https:\/\/wpbookingcalendar.com\" style=\"font-size:7px;\" target=\"_blank\" title=\"Booking Calendar plugin for WordPress\">Booking Calendar<\/a><\/div><textarea id=\"date_booking1\" name=\"date_booking1\" autocomplete=\"off\" style=\"display:none;\"><\/textarea><\/div> <\/span><\/div>\n\n\n\n<p><\/p>\n\n\n\n<p><strong>Tarifs :<\/strong><\/p>\n\n\n\n<figure class=\"wp-block-table\"><table><tbody><tr><td class=\"has-text-align-center\" data-align=\"center\"><strong>Tarif normal<\/strong><\/td><td class=\"has-text-align-center\" data-align=\"center\"><strong>Tarif haute saison (juillet, ao\u00fbt)<\/strong><\/td><\/tr><tr><td class=\"has-text-align-center\" data-align=\"center\">55\u20ac par nuit, soit 385\u20ac par semaine<\/td><td class=\"has-text-align-center\" data-align=\"center\">80\u20ac par nuit, soit 560\u20ac par semaine<\/td><\/tr><\/tbody><\/table><\/figure>\n\n\n\n<p>\u2022 Sont compris dans ce tarif : draps de lit, serviettes de bain, tapis de bain, torchons, consommation d\u2019eau et d&rsquo;\u00e9lectricit\u00e9 (hors recharge de v\u00e9hicules \u00e9lectrique), chauffage.<\/p>\n\n\n\n<p>\u2022 Taxe de s\u00e9jour : 1,22\u20ac par adulte et par nuit (montant 2024)<\/p>\n\n\n\n<p>\u2022 Forfait m\u00e9nage (en option) : 50\u20ac<\/p>\n\n\n\n<p>\u2022 Caution : 300\u20ac, sous forme d&rsquo;un ch\u00e8que \u00e0 remettre \u00e0 l&rsquo;entr\u00e9e dans le g\u00eete.<\/p>\n\n\n\n<p><strong>Remise de 15% pour les s\u00e9jours de 3 semaines (curistes) soit : 980\u20ac pour 3 semaines en tarif normal, et 1428\u20ac pour 3 semaines en haute saison.<\/strong><\/p>\n\n\n\n<div style=\"height:40px\" aria-hidden=\"true\" class=\"wp-block-spacer\"><\/div>\n\n\n\n<p><\/p>\n\n\n\n<p><strong>R\u00e9servation :<\/strong><\/p>\n\n\n\n<p>Apr\u00e8s confirmation de la disponibilit\u00e9 du g\u00eete aux dates souhait\u00e9es, nous vous adresserons un contrat de location \u00e0 nous retourner sign\u00e9 accompagn\u00e9 d&rsquo;un acompte de 25%.<\/p>\n\n\n\n<p><\/p>\n\n\n\n<p><\/p>\n\n\n\n<p class=\"has-text-align-center\"><strong>R\u00e9servation : contact@mahatxak.fr<\/strong><\/p>\n\n\n\n<div style=\"height:100px\" aria-hidden=\"true\" class=\"wp-block-spacer\"><\/div>\n\n\n\n<div class=\"wp-block-group has-background-color has-background-background-color has-text-color has-background has-link-color wp-elements-4e7e3278232efb9d7f53224c0d118879 is-horizontal is-content-justification-right is-nowrap is-layout-flex wp-container-core-group-is-layout-ff7ff3df wp-block-group-is-layout-flex\">Imported <strong>47<\/strong> bookings\n\n\nImported <strong>0<\/strong> bookings\n\n\nImported <strong>3<\/strong> bookings\n\n\nImported <strong>6<\/strong> bookings\n<\/div>\n","protected":false},"excerpt":{"rendered":"<p>Disponibilit\u00e9s : Tarifs : Tarif normal Tarif haute saison (juillet, ao\u00fbt) 55\u20ac par nuit, soit 385\u20ac par semaine 80\u20ac par nuit, soit 560\u20ac par semaine \u2022 Sont compris dans ce tarif : draps de lit, serviettes de bain, tapis de bain, torchons, consommation d\u2019eau et d&rsquo;\u00e9lectricit\u00e9 (hors recharge de v\u00e9hicules \u00e9lectrique), chauffage. \u2022 Taxe de [&hellip;]<\/p>\n","protected":false},"author":1,"featured_media":0,"parent":0,"menu_order":0,"comment_status":"closed","ping_status":"closed","template":"","meta":{"footnotes":""},"class_list":["post-84","page","type-page","status-publish","hentry"],"_links":{"self":[{"href":"https:\/\/mahatxak.fr\/index.php\/wp-json\/wp\/v2\/pages\/84","targetHints":{"allow":["GET"]}}],"collection":[{"href":"https:\/\/mahatxak.fr\/index.php\/wp-json\/wp\/v2\/pages"}],"about":[{"href":"https:\/\/mahatxak.fr\/index.php\/wp-json\/wp\/v2\/types\/page"}],"author":[{"embeddable":true,"href":"https:\/\/mahatxak.fr\/index.php\/wp-json\/wp\/v2\/users\/1"}],"replies":[{"embeddable":true,"href":"https:\/\/mahatxak.fr\/index.php\/wp-json\/wp\/v2\/comments?post=84"}],"version-history":[{"count":68,"href":"https:\/\/mahatxak.fr\/index.php\/wp-json\/wp\/v2\/pages\/84\/revisions"}],"predecessor-version":[{"id":280,"href":"https:\/\/mahatxak.fr\/index.php\/wp-json\/wp\/v2\/pages\/84\/revisions\/280"}],"wp:attachment":[{"href":"https:\/\/mahatxak.fr\/index.php\/wp-json\/wp\/v2\/media?parent=84"}],"curies":[{"name":"wp","href":"https:\/\/api.w.org\/{rel}","templated":true}]}}