{"id":86,"date":"2023-08-26T21:30:45","date_gmt":"2023-08-26T19:30:45","guid":{"rendered":"https:\/\/mahatxak.fr\/?page_id=86"},"modified":"2026-01-11T20:05:03","modified_gmt":"2026-01-11T19:05:03","slug":"bienvenue","status":"publish","type":"page","link":"https:\/\/mahatxak.fr\/","title":{"rendered":"BIENVENUE !"},"content":{"rendered":"\n<p class=\"has-text-align-center has-primary-color has-text-color\"><em>La maison \u00ab\u00a0Mahatxak\u00a0\u00bb (\u00ab\u00a0Les Raisins\u00a0\u00bb en basque) est nomm\u00e9e ainsi car la pente qui l&rsquo;accueille, orient\u00e9e plein Sud, \u00e9tait plant\u00e9e de vignes dans les ann\u00e9es 1950&#8230;<\/em><\/p>\n\n\n\n<p><\/p>\n\n\n\n<p>Vous recherchez un logement pour votre cure aux thermes de Cambo-les-Bains ou bien pour vos prochaines vacances au Pays Basque ? Nous vous proposons un appartement de plain pied pour 2 personnes, confortable et lumineux avec terrasse sans vis-\u00e0-vis, plein sud, au rez-de-jardin de la maison \u00ab\u00a0Mahatxak\u00a0\u00bb.<\/p>\n\n\n\n<p><\/p>\n\n\n\n<figure class=\"wp-block-image size-large\"><img loading=\"lazy\" decoding=\"async\" width=\"1024\" height=\"680\" src=\"https:\/\/mahatxak.fr\/wp-content\/uploads\/2023\/08\/DSC_0133-1024x680.jpg\" alt=\"\" class=\"wp-image-95\" srcset=\"https:\/\/mahatxak.fr\/wp-content\/uploads\/2023\/08\/DSC_0133-1024x680.jpg 1024w, https:\/\/mahatxak.fr\/wp-content\/uploads\/2023\/08\/DSC_0133-300x199.jpg 300w, https:\/\/mahatxak.fr\/wp-content\/uploads\/2023\/08\/DSC_0133-768x510.jpg 768w, https:\/\/mahatxak.fr\/wp-content\/uploads\/2023\/08\/DSC_0133-1536x1020.jpg 1536w, https:\/\/mahatxak.fr\/wp-content\/uploads\/2023\/08\/DSC_0133-2048x1360.jpg 2048w\" sizes=\"auto, (max-width: 1024px) 100vw, 1024px\" \/><\/figure>\n\n\n\n<p>Le g\u00eete est situ\u00e9 \u00e0 10 min \u00e0 pied du centre ville et des commerces de Cambo et \u00e0 300m de l\u2019arr\u00eat de bus Juantxuto (ligne 27 desservant les thermes).<\/p>\n\n\n\n<p>Une place de parking privative est attenante au logement.<\/p>\n\n\n\n<figure class=\"wp-block-image size-large\"><img loading=\"lazy\" decoding=\"async\" width=\"1024\" height=\"924\" src=\"https:\/\/mahatxak.fr\/wp-content\/uploads\/2023\/08\/Capture-decran-2023-08-27-a-11.49.56-1024x924.png\" alt=\"\" class=\"wp-image-119\" srcset=\"https:\/\/mahatxak.fr\/wp-content\/uploads\/2023\/08\/Capture-decran-2023-08-27-a-11.49.56-1024x924.png 1024w, https:\/\/mahatxak.fr\/wp-content\/uploads\/2023\/08\/Capture-decran-2023-08-27-a-11.49.56-300x271.png 300w, https:\/\/mahatxak.fr\/wp-content\/uploads\/2023\/08\/Capture-decran-2023-08-27-a-11.49.56-768x693.png 768w, https:\/\/mahatxak.fr\/wp-content\/uploads\/2023\/08\/Capture-decran-2023-08-27-a-11.49.56.png 1512w\" sizes=\"auto, (max-width: 1024px) 100vw, 1024px\" \/><\/figure>\n\n\n\n<p class=\"has-text-align-right has-small-font-size\"><a href=\"https:\/\/www.calameo.com\/read\/0001971386ccf2d2ceee4\"><em>Lien vers le plan complet de l&rsquo;office de tourisme de Cambo<\/em><\/a><\/p>\n\n\n\n<p><strong>Vous trouverez \u00e0 votre disposition dans ce logement de 40m<sup>2<\/sup>&nbsp;:<\/strong><\/p>\n\n\n\n<p>\u2022 Une cuisine \u00e9quip\u00e9e&nbsp;avec r\u00e9frig\u00e9rateur, plaques induction, hotte, four, grille-pain, bouilloire, cafeti\u00e8re filtre, four micro-ondes et tout le n\u00e9cessaire pour cuisiner les bons produits du terroir.<\/p>\n\n\n\n<p>\u2022 Un coin salon avec canap\u00e9, t\u00e9l\u00e9vision, biblioth\u00e8que \u00e0 disposition et classeur pour vous guider dans vos escapades pour d\u00e9couvrir le Pays Basque fran\u00e7ais et espagnol.<\/p>\n\n\n\n<p>\u2022 Une salle de bain avec cabine de douche, meuble vasque, toilettes et lave linge.<\/p>\n\n\n\n<p>\u2022 Une chambre s\u00e9par\u00e9e avec un lit en 160*200, penderie, \u00e9tag\u00e8res, pat\u00e8res.<\/p>\n\n\n\n<p>\u2022 Un cellier s\u00e9par\u00e9 avec un grand dressing, n\u00e9cessaire de m\u00e9nage et \u00e9tendoir.<\/p>\n\n\n\n<p>Terrasse plein sud pour prendre vos petits-d\u00e9jeuners, vos repas ou farnienter avec vue sur la campagne, colline de la Bergerie et montagnes.<\/p>\n\n\n\n<p><\/p>\n\n\n\n<p>Appartement non fumeur<\/p>\n\n\n\n<p>Animaux non admis<\/p>\n\n\n\n<p>Nous mettons \u00e0 votre disposition le linge de maison, torchons, serviettes de toilette, draps, couette et oreillers.<\/p>\n\n\n\n<p>Pi\u00e8ce de vie, chambre, et dressing ont \u00e9t\u00e9 enti\u00e8rement refaits \u00e0 neuf en 2023.<\/p>\n\n\n\n<hr class=\"wp-block-separator has-alpha-channel-opacity\"\/>\n\n\n\n<p class=\"has-text-align-center\"><strong>Informations et R\u00e9servations : contact@mahatxak.fr<\/strong><\/p>\n\n\n\n<div style=\"height:50px\" aria-hidden=\"true\" class=\"wp-block-spacer\"><\/div>\n\n\n\n<p class=\"has-text-align-center\">Maison MAHATXAK<\/p>\n\n\n\n<p class=\"has-text-align-center\">14, rue du Mundarrain &#8211; 64250 CAMBO LES BAINS<\/p>\n\n\n\n<p class=\"has-text-align-center\">SIREN : 979 310 869<\/p>\n\n\n\n<figure class=\"wp-block-image aligncenter size-full is-resized\"><img loading=\"lazy\" decoding=\"async\" width=\"500\" height=\"602\" src=\"http:\/\/mahatxak.fr\/wp-content\/uploads\/2023\/12\/meuble_tourisme.png\" alt=\"Meubl\u00e9 de tourisme 2 \u00e9toiles\" class=\"wp-image-231\" style=\"width:100px\" srcset=\"https:\/\/mahatxak.fr\/wp-content\/uploads\/2023\/12\/meuble_tourisme.png 500w, https:\/\/mahatxak.fr\/wp-content\/uploads\/2023\/12\/meuble_tourisme-249x300.png 249w\" sizes=\"auto, (max-width: 500px) 100vw, 500px\" \/><\/figure>\n","protected":false},"excerpt":{"rendered":"<p>La maison \u00ab\u00a0Mahatxak\u00a0\u00bb (\u00ab\u00a0Les Raisins\u00a0\u00bb en basque) est nomm\u00e9e ainsi car la pente qui l&rsquo;accueille, orient\u00e9e plein Sud, \u00e9tait plant\u00e9e de vignes dans les ann\u00e9es 1950&#8230; Vous recherchez un logement pour votre cure aux thermes de Cambo-les-Bains ou bien pour vos prochaines vacances au Pays Basque ? Nous vous proposons un appartement de plain pied [&hellip;]<\/p>\n","protected":false},"author":1,"featured_media":0,"parent":0,"menu_order":0,"comment_status":"closed","ping_status":"closed","template":"","meta":{"footnotes":""},"class_list":["post-86","page","type-page","status-publish","hentry"],"_links":{"self":[{"href":"https:\/\/mahatxak.fr\/index.php\/wp-json\/wp\/v2\/pages\/86","targetHints":{"allow":["GET"]}}],"collection":[{"href":"https:\/\/mahatxak.fr\/index.php\/wp-json\/wp\/v2\/pages"}],"about":[{"href":"https:\/\/mahatxak.fr\/index.php\/wp-json\/wp\/v2\/types\/page"}],"author":[{"embeddable":true,"href":"https:\/\/mahatxak.fr\/index.php\/wp-json\/wp\/v2\/users\/1"}],"replies":[{"embeddable":true,"href":"https:\/\/mahatxak.fr\/index.php\/wp-json\/wp\/v2\/comments?post=86"}],"version-history":[{"count":22,"href":"https:\/\/mahatxak.fr\/index.php\/wp-json\/wp\/v2\/pages\/86\/revisions"}],"predecessor-version":[{"id":277,"href":"https:\/\/mahatxak.fr\/index.php\/wp-json\/wp\/v2\/pages\/86\/revisions\/277"}],"wp:attachment":[{"href":"https:\/\/mahatxak.fr\/index.php\/wp-json\/wp\/v2\/media?parent=86"}],"curies":[{"name":"wp","href":"https:\/\/api.w.org\/{rel}","templated":true}]}}